{"id":9641,"date":"2021-08-16T08:43:28","date_gmt":"2021-08-16T08:43:28","guid":{"rendered":"https:\/\/gut-gernsheim.de\/?page_id=9641"},"modified":"2022-06-01T07:25:30","modified_gmt":"2022-06-01T07:25:30","slug":"stellenangebote","status":"publish","type":"page","link":"https:\/\/gut-gernsheim.de\/en\/stellenangebote\/","title":{"rendered":"Stellenangebote"},"content":{"rendered":"<div data-elementor-type=\"wp-page\" data-elementor-id=\"9641\" class=\"elementor elementor-9641\">\n\t\t\t\t\t\t<section class=\"elementor-section elementor-top-section elementor-element elementor-element-cbef769 elementor-section-boxed elementor-section-height-default elementor-section-height-default\" data-id=\"cbef769\" data-element_type=\"section\" data-e-type=\"section\">\n\t\t\t\t\t\t<div class=\"elementor-container elementor-column-gap-default\">\n\t\t\t\t\t<div class=\"elementor-column elementor-col-100 elementor-top-column elementor-element elementor-element-75594f66\" data-id=\"75594f66\" data-element_type=\"column\" data-e-type=\"column\">\n\t\t\t<div class=\"elementor-widget-wrap elementor-element-populated\">\n\t\t\t\t\t\t<div class=\"elementor-element elementor-element-de525db elementor-widget elementor-widget-heading\" data-id=\"de525db\" data-element_type=\"widget\" data-e-type=\"widget\" data-widget_type=\"heading.default\">\n\t\t\t\t<div class=\"elementor-widget-container\">\n\t\t\t\t\t<h2 class=\"elementor-heading-title elementor-size-default\"><br>Stellenangebote<\/h2>\t\t\t\t<\/div>\n\t\t\t\t<\/div>\n\t\t\t\t<div class=\"elementor-element elementor-element-5d5df590 elementor-widget elementor-widget-text-editor\" data-id=\"5d5df590\" data-element_type=\"widget\" data-e-type=\"widget\" data-widget_type=\"text-editor.default\">\n\t\t\t\t<div class=\"elementor-widget-container\">\n\t\t\t\t\t\t\t\t\t<p><\/p>\n<p><\/p>\n<p><\/p>\n<h1 class=\"listing__job-title at-header-company-jobTitle sc-cMljjf ihlIhE\">Karriere<\/h1>\n<div>\u00a0<\/div>\n<div>\u00a0<\/div>\n<p><\/p>\t\t\t\t\t\t\t\t<\/div>\n\t\t\t\t<\/div>\n\t\t\t\t<div class=\"elementor-element elementor-element-41be77b elementor-widget elementor-widget-text-editor\" data-id=\"41be77b\" data-element_type=\"widget\" data-e-type=\"widget\" data-widget_type=\"text-editor.default\">\n\t\t\t\t<div class=\"elementor-widget-container\">\n\t\t\t\t\t\t\t\t\t<h2 class=\"uk-heading-small uk-text-primary uk-scrollspy-inview\">Herzlich willkommen<\/h2>\n<div class=\"uk-panel uk-text-lead uk-margin uk-scrollspy-inview\">\n<p>Ein wesentlicher Erfolgsgarant von GUT sind seit jeher unsere hoch motivierten und gut ausgebildeten Mitarbeiterinnen und Mitarbeiter. Dank sehr kurzer Wege und einer offenen und ehrlichen Kommunikationskultur l\u00f6sen wir Herausforderungen schnell, unb\u00fcrokratisch und im direkten pers\u00f6nlichen Kontakt.<\/p>\n<p>Allen unseren Mitarbeitern bieten wir abwechslungsreiche T\u00e4tigkeiten und spannende Aufgabengebiete im Rahmen unseres vielf\u00e4ltigen und st\u00e4ndig wachsenden Logistikangebots. Sie arbeiten mit innovativer Technik in modernen Prozessabl\u00e4ufen und tragen ein hohes Ma\u00df an Verantwortung.<\/p>\n<\/div>\t\t\t\t\t\t\t\t<\/div>\n\t\t\t\t<\/div>\n\t\t\t\t\t<\/div>\n\t\t<\/div>\n\t\t\t\t\t<\/div>\n\t\t<\/section>\n\t\t\t\t<\/div>","protected":false},"excerpt":{"rendered":"<p>Stellenangebote Karriere \u00a0 \u00a0 Herzlich willkommen Ein wesentlicher Erfolgsgarant von GUT sind seit jeher unsere hoch motivierten und gut ausgebildeten Mitarbeiterinnen und Mitarbeiter. Dank sehr kurzer Wege und einer offenen und ehrlichen Kommunikationskultur l\u00f6sen wir Herausforderungen schnell, unb\u00fcrokratisch und im direkten pers\u00f6nlichen Kontakt. Allen unseren Mitarbeitern bieten wir abwechslungsreiche T\u00e4tigkeiten und spannende Aufgabengebiete im Rahmen [&hellip;]<\/p>\n","protected":false},"author":3,"featured_media":0,"parent":0,"menu_order":0,"comment_status":"closed","ping_status":"closed","template":"","meta":{"site-sidebar-layout":"default","site-content-layout":"default","ast-site-content-layout":"default","site-content-style":"default","site-sidebar-style":"default","ast-global-header-display":"","ast-banner-title-visibility":"","ast-main-header-display":"","ast-hfb-above-header-display":"","ast-hfb-below-header-display":"","ast-hfb-mobile-header-display":"","site-post-title":"","ast-breadcrumbs-content":"","ast-featured-img":"","footer-sml-layout":"","ast-disable-related-posts":"","theme-transparent-header-meta":"default","adv-header-id-meta":"","stick-header-meta":"","header-above-stick-meta":"","header-main-stick-meta":"","header-below-stick-meta":"","astra-migrate-meta-layouts":"default","ast-page-background-enabled":"default","ast-page-background-meta":{"desktop":{"background-color":"","background-image":"","background-repeat":"repeat","background-position":"center center","background-size":"auto","background-attachment":"scroll","background-type":"","background-media":"","overlay-type":"","overlay-color":"","overlay-opacity":"","overlay-gradient":""},"tablet":{"background-color":"","background-image":"","background-repeat":"repeat","background-position":"center center","background-size":"auto","background-attachment":"scroll","background-type":"","background-media":"","overlay-type":"","overlay-color":"","overlay-opacity":"","overlay-gradient":""},"mobile":{"background-color":"","background-image":"","background-repeat":"repeat","background-position":"center center","background-size":"auto","background-attachment":"scroll","background-type":"","background-media":"","overlay-type":"","overlay-color":"","overlay-opacity":"","overlay-gradient":""}},"ast-content-background-meta":{"desktop":{"background-color":"var(--ast-global-color-5)","background-image":"","background-repeat":"repeat","background-position":"center center","background-size":"auto","background-attachment":"scroll","background-type":"","background-media":"","overlay-type":"","overlay-color":"","overlay-opacity":"","overlay-gradient":""},"tablet":{"background-color":"var(--ast-global-color-5)","background-image":"","background-repeat":"repeat","background-position":"center center","background-size":"auto","background-attachment":"scroll","background-type":"","background-media":"","overlay-type":"","overlay-color":"","overlay-opacity":"","overlay-gradient":""},"mobile":{"background-color":"var(--ast-global-color-5)","background-image":"","background-repeat":"repeat","background-position":"center center","background-size":"auto","background-attachment":"scroll","background-type":"","background-media":"","overlay-type":"","overlay-color":"","overlay-opacity":"","overlay-gradient":""}},"footnotes":""},"class_list":["post-9641","page","type-page","status-publish","hentry"],"_links":{"self":[{"href":"https:\/\/gut-gernsheim.de\/en\/wp-json\/wp\/v2\/pages\/9641","targetHints":{"allow":["GET"]}}],"collection":[{"href":"https:\/\/gut-gernsheim.de\/en\/wp-json\/wp\/v2\/pages"}],"about":[{"href":"https:\/\/gut-gernsheim.de\/en\/wp-json\/wp\/v2\/types\/page"}],"author":[{"embeddable":true,"href":"https:\/\/gut-gernsheim.de\/en\/wp-json\/wp\/v2\/users\/3"}],"replies":[{"embeddable":true,"href":"https:\/\/gut-gernsheim.de\/en\/wp-json\/wp\/v2\/comments?post=9641"}],"version-history":[{"count":3,"href":"https:\/\/gut-gernsheim.de\/en\/wp-json\/wp\/v2\/pages\/9641\/revisions"}],"predecessor-version":[{"id":11587,"href":"https:\/\/gut-gernsheim.de\/en\/wp-json\/wp\/v2\/pages\/9641\/revisions\/11587"}],"wp:attachment":[{"href":"https:\/\/gut-gernsheim.de\/en\/wp-json\/wp\/v2\/media?parent=9641"}],"curies":[{"name":"wp","href":"https:\/\/api.w.org\/{rel}","templated":true}]}}