{"id":7383,"date":"2020-12-15T10:00:26","date_gmt":"2020-12-15T10:00:26","guid":{"rendered":"https:\/\/gut-gernsheim.de\/?page_id=7383"},"modified":"2026-03-26T16:53:33","modified_gmt":"2026-03-26T16:53:33","slug":"bunker","status":"publish","type":"page","link":"https:\/\/gut-gernsheim.de\/en\/bunker\/","title":{"rendered":"Bunker"},"content":{"rendered":"<div data-elementor-type=\"wp-page\" data-elementor-id=\"7383\" class=\"elementor elementor-7383\">\n\t\t\t\t\t\t<section class=\"elementor-section elementor-top-section elementor-element elementor-element-6c50b903 elementor-section-content-middle elementor-section-boxed elementor-section-height-default elementor-section-height-default\" data-id=\"6c50b903\" data-element_type=\"section\" data-e-type=\"section\" data-settings=\"{&quot;background_background&quot;:&quot;classic&quot;}\">\n\t\t\t\t\t\t\t<div class=\"elementor-background-overlay\"><\/div>\n\t\t\t\t\t\t\t<div class=\"elementor-container elementor-column-gap-no\">\n\t\t\t\t\t<div class=\"elementor-column elementor-col-100 elementor-top-column elementor-element elementor-element-15dc55e9\" data-id=\"15dc55e9\" data-element_type=\"column\" data-e-type=\"column\">\n\t\t\t<div class=\"elementor-widget-wrap elementor-element-populated\">\n\t\t\t\t\t\t<div class=\"elementor-element elementor-element-08c774d elementor-hidden-desktop elementor-widget elementor-widget-spacer\" data-id=\"08c774d\" data-element_type=\"widget\" data-e-type=\"widget\" data-widget_type=\"spacer.default\">\n\t\t\t\t<div class=\"elementor-widget-container\">\n\t\t\t\t\t\t\t<div class=\"elementor-spacer\">\n\t\t\t<div class=\"elementor-spacer-inner\"><\/div>\n\t\t<\/div>\n\t\t\t\t\t\t<\/div>\n\t\t\t\t<\/div>\n\t\t\t\t<section class=\"elementor-section elementor-inner-section elementor-element elementor-element-70c4fe58 elementor-section-boxed elementor-section-height-default elementor-section-height-default\" data-id=\"70c4fe58\" data-element_type=\"section\" data-e-type=\"section\">\n\t\t\t\t\t\t<div class=\"elementor-container elementor-column-gap-default\">\n\t\t\t\t\t<div class=\"elementor-column elementor-col-50 elementor-inner-column elementor-element elementor-element-11e20b19\" data-id=\"11e20b19\" data-element_type=\"column\" data-e-type=\"column\">\n\t\t\t<div class=\"elementor-widget-wrap elementor-element-populated\">\n\t\t\t\t\t\t<div class=\"elementor-element elementor-element-345d9cbc elementor-widget elementor-widget-heading\" data-id=\"345d9cbc\" data-element_type=\"widget\" data-e-type=\"widget\" data-widget_type=\"heading.default\">\n\t\t\t\t<div class=\"elementor-widget-container\">\n\t\t\t\t\t<h6 class=\"elementor-heading-title elementor-size-default\">Surcharges<\/h6>\t\t\t\t<\/div>\n\t\t\t\t<\/div>\n\t\t\t\t\t<\/div>\n\t\t<\/div>\n\t\t\t\t<div class=\"elementor-column elementor-col-50 elementor-inner-column elementor-element elementor-element-18616d3e\" data-id=\"18616d3e\" data-element_type=\"column\" data-e-type=\"column\">\n\t\t\t<div class=\"elementor-widget-wrap elementor-element-populated\">\n\t\t\t\t\t\t<div class=\"elementor-element elementor-element-51c3c87 elementor-widget-divider--view-line elementor-widget elementor-widget-divider\" data-id=\"51c3c87\" data-element_type=\"widget\" data-e-type=\"widget\" data-widget_type=\"divider.default\">\n\t\t\t\t<div class=\"elementor-widget-container\">\n\t\t\t\t\t\t\t<div class=\"elementor-divider\">\n\t\t\t<span class=\"elementor-divider-separator\">\n\t\t\t\t\t\t<\/span>\n\t\t<\/div>\n\t\t\t\t\t\t<\/div>\n\t\t\t\t<\/div>\n\t\t\t\t\t<\/div>\n\t\t<\/div>\n\t\t\t\t\t<\/div>\n\t\t<\/section>\n\t\t\t\t<div class=\"elementor-element elementor-element-41891f42 elementor-widget elementor-widget-heading\" data-id=\"41891f42\" data-element_type=\"widget\" data-e-type=\"widget\" data-widget_type=\"heading.default\">\n\t\t\t\t<div class=\"elementor-widget-container\">\n\t\t\t\t\t<h1 class=\"elementor-heading-title elementor-size-default\">Bunker Surcharge (Barge)<\/h1>\t\t\t\t<\/div>\n\t\t\t\t<\/div>\n\t\t\t\t<div class=\"elementor-element elementor-element-65387342 elementor-widget elementor-widget-text-editor\" data-id=\"65387342\" data-element_type=\"widget\" data-e-type=\"widget\" data-widget_type=\"text-editor.default\">\n\t\t\t\t<div class=\"elementor-widget-container\">\n\t\t\t\t\t\t\t\t\t<p class=\"x_MsoNormal\"><b><span data-olk-copy-source=\"MessageBody\">Bunker surcharge (barge) \u2013 month of April<\/span><\/b><\/p><p class=\"x_MsoNormal\">The average gas oil price for the period 16.02.2026 \u2013 15.03.2026 was \u20ac122.60 per 100 liters.<\/p><p class=\"x_MsoNormal\">This corresponds to a bunker factor of 45 for the month of April 2026.<\/p><p class=\"x_MsoNormal\"><b>From 01.04.2026<\/b> we calculate the following bunker surcharges:<\/p><div class=\"R1UVb\"><table class=\"x_MsoNormalTable\" border=\"0\" width=\"585\" cellspacing=\"0\" cellpadding=\"0\"><tbody><tr><td valign=\"bottom\" width=\"80\"><p class=\"x_MsoNormal\" align=\"center\"><b><span lang=\"NL\">Bunker<\/span><\/b><\/p><\/td><td valign=\"bottom\" width=\"159\"><p class=\"x_MsoNormal\" align=\"center\"><span lang=\"NL\">at a gas oil price<\/span><\/p><\/td><td valign=\"bottom\" width=\"95\"><p class=\"x_MsoNormal\" align=\"center\"><b><span lang=\"NL\">20&#8242;<\/span><\/b><\/p><\/td><td valign=\"bottom\" width=\"101\"><p class=\"x_MsoNormal\" align=\"center\"><b><span lang=\"NL\">20&#8242;<\/span><\/b><\/p><\/td><td valign=\"bottom\" width=\"66\"><p class=\"x_MsoNormal\" align=\"center\"><b><span lang=\"NL\">40&#8242;<\/span><\/b><\/p><\/td><td valign=\"bottom\" width=\"85\"><p class=\"x_MsoNormal\" align=\"center\"><b><span lang=\"NL\">40&#8242;<\/span><\/b><\/p><\/td><\/tr><tr><td valign=\"bottom\" width=\"80\"><p class=\"x_MsoNormal\" align=\"center\"><b><span lang=\"NL\">Factor<\/span><\/b><\/p><\/td><td valign=\"bottom\" width=\"159\"><p class=\"x_MsoNormal\" align=\"center\"><span lang=\"NL\">from ... to<\/span><\/p><\/td><td valign=\"bottom\" width=\"95\"><p class=\"x_MsoNormal\" align=\"center\"><b><span lang=\"NL\">Empty<\/span><\/b><\/p><\/td><td valign=\"bottom\" width=\"101\"><p class=\"x_MsoNormal\" align=\"center\"><b><span lang=\"NL\">Full<\/span><\/b><\/p><\/td><td valign=\"bottom\" width=\"66\"><p class=\"x_MsoNormal\" align=\"center\"><b><span lang=\"NL\">Empty<\/span><\/b><\/p><\/td><td valign=\"bottom\" width=\"85\"><p class=\"x_MsoNormal\" align=\"center\"><b><span lang=\"NL\">Full<\/span><\/b><\/p><\/td><\/tr><tr><td valign=\"bottom\" nowrap=\"nowrap\" width=\"80\"><p class=\"x_MsoNormal\" align=\"center\"><span lang=\"NL\">\u00a0<\/span><\/p><\/td><td valign=\"bottom\" nowrap=\"nowrap\" width=\"159\"><p class=\"x_MsoNormal\" align=\"center\"><span lang=\"NL\">\u00a0<\/span><\/p><\/td><td valign=\"bottom\" nowrap=\"nowrap\" width=\"95\"><p class=\"x_MsoNormal\" align=\"right\"><span lang=\"NL\">\u00a0<\/span><\/p><\/td><td valign=\"bottom\" nowrap=\"nowrap\" width=\"101\"><p class=\"x_MsoNormal\" align=\"right\"><span lang=\"NL\">\u00a0<\/span><\/p><\/td><td valign=\"bottom\" nowrap=\"nowrap\" width=\"66\"><p class=\"x_MsoNormal\" align=\"right\"><span lang=\"NL\">\u00a0<\/span><\/p><\/td><td valign=\"bottom\" nowrap=\"nowrap\" width=\"85\"><p class=\"x_MsoNormal\" align=\"right\"><span lang=\"NL\">\u00a0<\/span><\/p><\/td><\/tr><tr><td valign=\"bottom\" width=\"80\"><p class=\"x_MsoNormal\" align=\"center\"><b><span lang=\"NL\">45<\/span><\/b><\/p><\/td><td valign=\"bottom\" width=\"159\"><p class=\"x_MsoNormal\" align=\"center\"><span lang=\"NL\">122,57 \u20ac &#8211; 124,83 \u20ac<\/span><\/p><\/td><td valign=\"bottom\" nowrap=\"nowrap\" width=\"95\"><p class=\"x_MsoNormal\" align=\"right\"><span lang=\"NL\">\u00a0\u00a0\u00a0\u00a0\u00a0\u00a0\u00a0\u00a0\u00a0\u00a068,85 \u20ac<\/span><\/p><\/td><td valign=\"bottom\" nowrap=\"nowrap\" width=\"101\"><p class=\"x_MsoNormal\" align=\"right\"><span lang=\"NL\">\u00a0\u00a0\u00a0\u00a0\u00a0103,50 \u20ac<\/span><\/p><\/td><td valign=\"bottom\" nowrap=\"nowrap\" width=\"66\"><p class=\"x_MsoNormal\" align=\"right\"><span lang=\"NL\">\u00a0\u00a0\u00a0\u00a0\u00a0\u00a0\u00a097,65 \u20ac<\/span><\/p><\/td><td valign=\"bottom\" nowrap=\"nowrap\" width=\"85\"><p class=\"x_MsoNormal\" align=\"right\"><span lang=\"NL\">\u00a0\u00a0\u00a0\u00a0\u00a0149,40 \u20ac<\/span><\/p><\/td><\/tr><\/tbody><\/table><\/div>\t\t\t\t\t\t\t\t<\/div>\n\t\t\t\t<\/div>\n\t\t\t\t\t<\/div>\n\t\t<\/div>\n\t\t\t\t\t<\/div>\n\t\t<\/section>\n\t\t\t\t<\/div>","protected":false},"excerpt":{"rendered":"<p>Zuschl\u00e4ge Bunkerzuschlag (Barge) Bunkerzuschlag (Barge) &#8211; Monat April Der mittlere Gas\u00f6lpreis lag f\u00fcr den Zeitraum 16.02.2026 \u2013 15.03.2026 bei 122,60 \u20ac \/ pro 100 l. Dies entspricht Bunkerstaffel Faktor 45 f\u00fcr den Monat April 2026. Ab dem 01.04.2026 berechnen wir daher folgende Bunkerzuschl\u00e4ge: Bunker bei einem Gas\u00f6lpreis 20&#8242; 20&#8242; 40&#8242; 40&#8242; Faktor von &#8211; bis [&hellip;]<\/p>\n","protected":false},"author":3,"featured_media":0,"parent":0,"menu_order":0,"comment_status":"closed","ping_status":"closed","template":"","meta":{"site-sidebar-layout":"no-sidebar","site-content-layout":"page-builder","ast-site-content-layout":"default","site-content-style":"default","site-sidebar-style":"default","ast-global-header-display":"","ast-banner-title-visibility":"","ast-main-header-display":"","ast-hfb-above-header-display":"","ast-hfb-below-header-display":"","ast-hfb-mobile-header-display":"","site-post-title":"disabled","ast-breadcrumbs-content":"","ast-featured-img":"disabled","footer-sml-layout":"","ast-disable-related-posts":"","theme-transparent-header-meta":"default","adv-header-id-meta":"","stick-header-meta":"","header-above-stick-meta":"","header-main-stick-meta":"","header-below-stick-meta":"","astra-migrate-meta-layouts":"default","ast-page-background-enabled":"default","ast-page-background-meta":{"desktop":{"background-color":"","background-image":"","background-repeat":"repeat","background-position":"center center","background-size":"auto","background-attachment":"scroll","background-type":"","background-media":"","overlay-type":"","overlay-color":"","overlay-opacity":"","overlay-gradient":""},"tablet":{"background-color":"","background-image":"","background-repeat":"repeat","background-position":"center center","background-size":"auto","background-attachment":"scroll","background-type":"","background-media":"","overlay-type":"","overlay-color":"","overlay-opacity":"","overlay-gradient":""},"mobile":{"background-color":"","background-image":"","background-repeat":"repeat","background-position":"center center","background-size":"auto","background-attachment":"scroll","background-type":"","background-media":"","overlay-type":"","overlay-color":"","overlay-opacity":"","overlay-gradient":""}},"ast-content-background-meta":{"desktop":{"background-color":"var(--ast-global-color-5)","background-image":"","background-repeat":"repeat","background-position":"center center","background-size":"auto","background-attachment":"scroll","background-type":"","background-media":"","overlay-type":"","overlay-color":"","overlay-opacity":"","overlay-gradient":""},"tablet":{"background-color":"var(--ast-global-color-5)","background-image":"","background-repeat":"repeat","background-position":"center center","background-size":"auto","background-attachment":"scroll","background-type":"","background-media":"","overlay-type":"","overlay-color":"","overlay-opacity":"","overlay-gradient":""},"mobile":{"background-color":"var(--ast-global-color-5)","background-image":"","background-repeat":"repeat","background-position":"center center","background-size":"auto","background-attachment":"scroll","background-type":"","background-media":"","overlay-type":"","overlay-color":"","overlay-opacity":"","overlay-gradient":""}},"footnotes":""},"class_list":["post-7383","page","type-page","status-publish","hentry"],"_links":{"self":[{"href":"https:\/\/gut-gernsheim.de\/en\/wp-json\/wp\/v2\/pages\/7383","targetHints":{"allow":["GET"]}}],"collection":[{"href":"https:\/\/gut-gernsheim.de\/en\/wp-json\/wp\/v2\/pages"}],"about":[{"href":"https:\/\/gut-gernsheim.de\/en\/wp-json\/wp\/v2\/types\/page"}],"author":[{"embeddable":true,"href":"https:\/\/gut-gernsheim.de\/en\/wp-json\/wp\/v2\/users\/3"}],"replies":[{"embeddable":true,"href":"https:\/\/gut-gernsheim.de\/en\/wp-json\/wp\/v2\/comments?post=7383"}],"version-history":[{"count":122,"href":"https:\/\/gut-gernsheim.de\/en\/wp-json\/wp\/v2\/pages\/7383\/revisions"}],"predecessor-version":[{"id":11844,"href":"https:\/\/gut-gernsheim.de\/en\/wp-json\/wp\/v2\/pages\/7383\/revisions\/11844"}],"wp:attachment":[{"href":"https:\/\/gut-gernsheim.de\/en\/wp-json\/wp\/v2\/media?parent=7383"}],"curies":[{"name":"wp","href":"https:\/\/api.w.org\/{rel}","templated":true}]}}