{"id":7369,"date":"2020-12-15T09:56:52","date_gmt":"2020-12-15T09:56:52","guid":{"rendered":"https:\/\/gut-gernsheim.de\/?page_id=7369"},"modified":"2020-12-18T14:05:15","modified_gmt":"2020-12-18T14:05:15","slug":"kleinwasser","status":"publish","type":"page","link":"https:\/\/gut-gernsheim.de\/en\/kleinwasser\/","title":{"rendered":"Low water"},"content":{"rendered":"<div data-elementor-type=\"wp-page\" data-elementor-id=\"7369\" class=\"elementor elementor-7369\">\n\t\t\t\t\t\t<section class=\"elementor-section elementor-top-section elementor-element elementor-element-4f56a3d3 elementor-section-content-middle elementor-section-boxed elementor-section-height-default elementor-section-height-default\" data-id=\"4f56a3d3\" data-element_type=\"section\" data-e-type=\"section\" data-settings=\"{&quot;background_background&quot;:&quot;classic&quot;}\">\n\t\t\t\t\t\t\t<div class=\"elementor-background-overlay\"><\/div>\n\t\t\t\t\t\t\t<div class=\"elementor-container elementor-column-gap-no\">\n\t\t\t\t\t<div class=\"elementor-column elementor-col-100 elementor-top-column elementor-element elementor-element-661df9c6\" data-id=\"661df9c6\" data-element_type=\"column\" data-e-type=\"column\">\n\t\t\t<div class=\"elementor-widget-wrap elementor-element-populated\">\n\t\t\t\t\t\t<div class=\"elementor-element elementor-element-9fa5724 elementor-hidden-desktop elementor-widget elementor-widget-spacer\" data-id=\"9fa5724\" data-element_type=\"widget\" data-e-type=\"widget\" data-widget_type=\"spacer.default\">\n\t\t\t\t<div class=\"elementor-widget-container\">\n\t\t\t\t\t\t\t<div class=\"elementor-spacer\">\n\t\t\t<div class=\"elementor-spacer-inner\"><\/div>\n\t\t<\/div>\n\t\t\t\t\t\t<\/div>\n\t\t\t\t<\/div>\n\t\t\t\t<section class=\"elementor-section elementor-inner-section elementor-element elementor-element-29e2a730 elementor-section-boxed elementor-section-height-default elementor-section-height-default\" data-id=\"29e2a730\" data-element_type=\"section\" data-e-type=\"section\">\n\t\t\t\t\t\t<div class=\"elementor-container elementor-column-gap-default\">\n\t\t\t\t\t<div class=\"elementor-column elementor-col-50 elementor-inner-column elementor-element elementor-element-6bd7197a\" data-id=\"6bd7197a\" data-element_type=\"column\" data-e-type=\"column\">\n\t\t\t<div class=\"elementor-widget-wrap elementor-element-populated\">\n\t\t\t\t\t\t<div class=\"elementor-element elementor-element-3c351639 elementor-widget elementor-widget-heading\" data-id=\"3c351639\" data-element_type=\"widget\" data-e-type=\"widget\" data-widget_type=\"heading.default\">\n\t\t\t\t<div class=\"elementor-widget-container\">\n\t\t\t\t\t<h6 class=\"elementor-heading-title elementor-size-default\">Surcharges<\/h6>\t\t\t\t<\/div>\n\t\t\t\t<\/div>\n\t\t\t\t\t<\/div>\n\t\t<\/div>\n\t\t\t\t<div class=\"elementor-column elementor-col-50 elementor-inner-column elementor-element elementor-element-b0f019f\" data-id=\"b0f019f\" data-element_type=\"column\" data-e-type=\"column\">\n\t\t\t<div class=\"elementor-widget-wrap elementor-element-populated\">\n\t\t\t\t\t\t<div class=\"elementor-element elementor-element-2f81985 elementor-widget-divider--view-line elementor-widget elementor-widget-divider\" data-id=\"2f81985\" data-element_type=\"widget\" data-e-type=\"widget\" data-widget_type=\"divider.default\">\n\t\t\t\t<div class=\"elementor-widget-container\">\n\t\t\t\t\t\t\t<div class=\"elementor-divider\">\n\t\t\t<span class=\"elementor-divider-separator\">\n\t\t\t\t\t\t<\/span>\n\t\t<\/div>\n\t\t\t\t\t\t<\/div>\n\t\t\t\t<\/div>\n\t\t\t\t\t<\/div>\n\t\t<\/div>\n\t\t\t\t\t<\/div>\n\t\t<\/section>\n\t\t\t\t<div class=\"elementor-element elementor-element-4d500c82 elementor-widget elementor-widget-heading\" data-id=\"4d500c82\" data-element_type=\"widget\" data-e-type=\"widget\" data-widget_type=\"heading.default\">\n\t\t\t\t<div class=\"elementor-widget-container\">\n\t\t\t\t\t<h2 class=\"elementor-heading-title elementor-size-default\">Low water surcharge<\/h2>\t\t\t\t<\/div>\n\t\t\t\t<\/div>\n\t\t\t\t<div class=\"elementor-element elementor-element-2f251f0f elementor-widget elementor-widget-text-editor\" data-id=\"2f251f0f\" data-element_type=\"widget\" data-e-type=\"widget\" data-widget_type=\"text-editor.default\">\n\t\t\t\t<div class=\"elementor-widget-container\">\n\t\t\t\t\t\t\t\t\t<table width=\"0\"><tbody><tr><td><p>Water level Kaub<br \/>on the day of departure<br \/>in cm<\/p><\/td><td><p>KWZ<br \/>20\u2032<\/p><\/td><td><p>KWZ<br \/>40\u2032<\/p><\/td><\/tr><tr><td><p>150-131<\/p><\/td><td><p>30,00 \u20ac<\/p><\/td><td><p>40,00 \u20ac<\/p><\/td><\/tr><tr><td><p>130-111<\/p><\/td><td><p>45,00 \u20ac<\/p><\/td><td><p>60,00 \u20ac<\/p><\/td><\/tr><tr><td><p>110-101<\/p><\/td><td><p>60,00 \u20ac<\/p><\/td><td><p>75,00 \u20ac<\/p><\/td><\/tr><tr><td><p>100-91<\/p><\/td><td><p>75,00 \u20ac<\/p><\/td><td><p>100,00 \u20ac<\/p><\/td><\/tr><tr><td><p>90-81<\/p><\/td><td><p>100,00 \u20ac<\/p><\/td><td><p>135,00 \u20ac<\/p><\/td><\/tr><\/tbody><\/table><p>80 cm and lower depending on availability and individual agreement.<\/p><p>Our obligation to carry ceases at a level below 80 cm and can and will only be carried out after individual agreement and capacity.<\/p>\t\t\t\t\t\t\t\t<\/div>\n\t\t\t\t<\/div>\n\t\t\t\t\t<\/div>\n\t\t<\/div>\n\t\t\t\t\t<\/div>\n\t\t<\/section>\n\t\t\t\t<\/div>","protected":false},"excerpt":{"rendered":"<p>Zuschl\u00e4ge Kleinwasserzuschlag Pegel Kaubam Abfahrtstagin cm KWZ20\u2032 KWZ40\u2032 150-131 30,00 \u20ac 40,00 \u20ac 130-111 45,00 \u20ac 60,00 \u20ac 110-101 60,00 \u20ac 75,00 \u20ac 100-91 75,00 \u20ac 100,00 \u20ac 90-81 100,00 \u20ac 135,00 \u20ac 80 cm und niedriger je nach Verf\u00fcgbarkeit und individueller Absprache. Unsere Bef\u00f6rderungspflicht h\u00f6rt ab einem Pegel unter 80 cm auf und kann [&hellip;]<\/p>\n","protected":false},"author":3,"featured_media":0,"parent":0,"menu_order":0,"comment_status":"closed","ping_status":"closed","template":"","meta":{"site-sidebar-layout":"no-sidebar","site-content-layout":"page-builder","ast-site-content-layout":"default","site-content-style":"default","site-sidebar-style":"default","ast-global-header-display":"","ast-banner-title-visibility":"","ast-main-header-display":"","ast-hfb-above-header-display":"","ast-hfb-below-header-display":"","ast-hfb-mobile-header-display":"","site-post-title":"disabled","ast-breadcrumbs-content":"","ast-featured-img":"disabled","footer-sml-layout":"","ast-disable-related-posts":"","theme-transparent-header-meta":"default","adv-header-id-meta":"","stick-header-meta":"","header-above-stick-meta":"","header-main-stick-meta":"","header-below-stick-meta":"","astra-migrate-meta-layouts":"default","ast-page-background-enabled":"default","ast-page-background-meta":{"desktop":{"background-color":"","background-image":"","background-repeat":"repeat","background-position":"center center","background-size":"auto","background-attachment":"scroll","background-type":"","background-media":"","overlay-type":"","overlay-color":"","overlay-opacity":"","overlay-gradient":""},"tablet":{"background-color":"","background-image":"","background-repeat":"repeat","background-position":"center center","background-size":"auto","background-attachment":"scroll","background-type":"","background-media":"","overlay-type":"","overlay-color":"","overlay-opacity":"","overlay-gradient":""},"mobile":{"background-color":"","background-image":"","background-repeat":"repeat","background-position":"center center","background-size":"auto","background-attachment":"scroll","background-type":"","background-media":"","overlay-type":"","overlay-color":"","overlay-opacity":"","overlay-gradient":""}},"ast-content-background-meta":{"desktop":{"background-color":"var(--ast-global-color-5)","background-image":"","background-repeat":"repeat","background-position":"center center","background-size":"auto","background-attachment":"scroll","background-type":"","background-media":"","overlay-type":"","overlay-color":"","overlay-opacity":"","overlay-gradient":""},"tablet":{"background-color":"var(--ast-global-color-5)","background-image":"","background-repeat":"repeat","background-position":"center center","background-size":"auto","background-attachment":"scroll","background-type":"","background-media":"","overlay-type":"","overlay-color":"","overlay-opacity":"","overlay-gradient":""},"mobile":{"background-color":"var(--ast-global-color-5)","background-image":"","background-repeat":"repeat","background-position":"center center","background-size":"auto","background-attachment":"scroll","background-type":"","background-media":"","overlay-type":"","overlay-color":"","overlay-opacity":"","overlay-gradient":""}},"footnotes":""},"class_list":["post-7369","page","type-page","status-publish","hentry"],"_links":{"self":[{"href":"https:\/\/gut-gernsheim.de\/en\/wp-json\/wp\/v2\/pages\/7369","targetHints":{"allow":["GET"]}}],"collection":[{"href":"https:\/\/gut-gernsheim.de\/en\/wp-json\/wp\/v2\/pages"}],"about":[{"href":"https:\/\/gut-gernsheim.de\/en\/wp-json\/wp\/v2\/types\/page"}],"author":[{"embeddable":true,"href":"https:\/\/gut-gernsheim.de\/en\/wp-json\/wp\/v2\/users\/3"}],"replies":[{"embeddable":true,"href":"https:\/\/gut-gernsheim.de\/en\/wp-json\/wp\/v2\/comments?post=7369"}],"version-history":[{"count":0,"href":"https:\/\/gut-gernsheim.de\/en\/wp-json\/wp\/v2\/pages\/7369\/revisions"}],"wp:attachment":[{"href":"https:\/\/gut-gernsheim.de\/en\/wp-json\/wp\/v2\/media?parent=7369"}],"curies":[{"name":"wp","href":"https:\/\/api.w.org\/{rel}","templated":true}]}}